{"id":259,"date":"2026-03-31T15:57:19","date_gmt":"2026-03-31T15:57:19","guid":{"rendered":"https:\/\/lostinbrandformance.be\/?page_id=259"},"modified":"2026-03-31T20:43:34","modified_gmt":"2026-03-31T20:43:34","slug":"contact-us","status":"publish","type":"page","link":"https:\/\/lostinbrandformance.be\/index.php\/contact-us\/","title":{"rendered":"OVER ONS"},"content":{"rendered":"<p>[et_pb_section fb_built=&#8221;1&#8243; _builder_version=&#8221;4.27.4&#8243; _module_preset=&#8221;default&#8221; background_image=&#8221;https:\/\/lostinbrandformance.be\/wp-content\/uploads\/2026\/03\/sss.jpg&#8221; custom_padding=&#8221;63px||67px|||&#8221; top_divider_color=&#8221;#E02B20&#8243; bottom_divider_style=&#8221;wave2&#8243; bottom_divider_color=&#8221;#782335&#8243; global_colors_info=&#8221;{}&#8221;][et_pb_row _builder_version=&#8221;4.27.4&#8243; _module_preset=&#8221;default&#8221; custom_margin=&#8221;|auto||532px||&#8221; custom_padding=&#8221;|||4px||&#8221; global_colors_info=&#8221;{}&#8221;][et_pb_column type=&#8221;4_4&#8243; _builder_version=&#8221;4.27.4&#8243; _module_preset=&#8221;default&#8221; global_colors_info=&#8221;{}&#8221;][et_pb_heading title=&#8221;OVER ONS&#8221; _builder_version=&#8221;4.27.4&#8243; _module_preset=&#8221;default&#8221; title_font=&#8221;Montserrat|800|||||||&#8221; title_text_color=&#8221;#782335&#8243; title_font_size=&#8221;100px&#8221; global_colors_info=&#8221;{}&#8221;][\/et_pb_heading][\/et_pb_column][\/et_pb_row][\/et_pb_section][et_pb_section fb_built=&#8221;1&#8243; admin_label=&#8221;Testimonials&#8221; _builder_version=&#8221;4.27.4&#8243; _module_preset=&#8221;default&#8221; custom_padding=&#8221;|||121px||&#8221; locked=&#8221;off&#8221; global_colors_info=&#8221;{}&#8221;][et_pb_row column_structure=&#8221;1_2,1_2&#8243; _builder_version=&#8221;4.27.4&#8243; _module_preset=&#8221;default&#8221; global_colors_info=&#8221;{}&#8221;][et_pb_column type=&#8221;1_2&#8243; _builder_version=&#8221;4.16&#8243; _module_preset=&#8221;default&#8221; global_colors_info=&#8221;{}&#8221;][et_pb_image src=&#8221;https:\/\/lostinbrandformance.be\/wp-content\/uploads\/2026\/03\/tennis-club-icon-1.png&#8221; title_text=&#8221;tennis-club-icon-1&#8243; _builder_version=&#8221;4.16&#8243; _module_preset=&#8221;default&#8221; max_width=&#8221;64px&#8221; max_width_tablet=&#8221;48px&#8221; max_width_phone=&#8221;40px&#8221; max_width_last_edited=&#8221;on|phone&#8221; custom_margin=&#8221;||-138px|||&#8221; global_colors_info=&#8221;{}&#8221;][\/et_pb_image][et_pb_image src=&#8221;https:\/\/lostinbrandformance.be\/wp-content\/uploads\/2026\/03\/4.png&#8221; title_text=&#8221;4&#8243; url=&#8221;https:\/\/www.linkedin.com\/in\/marie-gijsen-5732a7352\/&#8221; _builder_version=&#8221;4.27.4&#8243; _module_preset=&#8221;default&#8221; custom_margin=&#8221;||-215px|||&#8221; custom_padding=&#8221;||2px|||&#8221; global_colors_info=&#8221;{}&#8221;][\/et_pb_image][et_pb_heading title=&#8221;MARIE GIJSEN&#8221; _builder_version=&#8221;4.27.4&#8243; _module_preset=&#8221;default&#8221; global_colors_info=&#8221;{}&#8221;][\/et_pb_heading][et_pb_text _builder_version=&#8221;4.16&#8243; _module_preset=&#8221;7e815e5b-c042-4930-9f47-86f0425bfee6&#8243; header_font=&#8221;||||||||&#8221; header_4_font=&#8221;Syncopate|700||on|||||&#8221; header_4_text_color=&#8221;#000000&#8243; header_4_font_size=&#8221;14px&#8221; header_4_line_height=&#8221;1.8em&#8221; max_width=&#8221;550px&#8221; header_4_font_size_tablet=&#8221;14px&#8221; header_4_font_size_phone=&#8221;12px&#8221; header_4_font_size_last_edited=&#8221;on|desktop&#8221; locked=&#8221;off&#8221; global_colors_info=&#8221;{}&#8221;]<\/p>\n<h4><span>21 jaar &amp; student Creative Media Management.<br \/>Creatief, ambitieus en klaar om idee\u00ebn tot leven te brengen.<br \/>\u201cThe only limit is your imagination.\u201d\u00a0<\/span><\/h4>\n<p>[\/et_pb_text][\/et_pb_column][et_pb_column type=&#8221;1_2&#8243; _builder_version=&#8221;4.16&#8243; _module_preset=&#8221;default&#8221; global_colors_info=&#8221;{}&#8221;][et_pb_image src=&#8221;https:\/\/lostinbrandformance.be\/wp-content\/uploads\/2026\/03\/tennis-club-icon-1.png&#8221; title_text=&#8221;tennis-club-icon-1&#8243; _builder_version=&#8221;4.16&#8243; _module_preset=&#8221;default&#8221; max_width=&#8221;64px&#8221; max_width_tablet=&#8221;48px&#8221; max_width_phone=&#8221;40px&#8221; max_width_last_edited=&#8221;on|phone&#8221; global_colors_info=&#8221;{}&#8221;][\/et_pb_image][et_pb_image src=&#8221;https:\/\/lostinbrandformance.be\/wp-content\/uploads\/2026\/03\/6.png&#8221; title_text=&#8221;6&#8243; url=&#8221;https:\/\/www.linkedin.com\/in\/micha-danckaert-a11002331\/&#8221; _builder_version=&#8221;4.27.4&#8243; _module_preset=&#8221;default&#8221; custom_margin=&#8221;-214px||-171px|||&#8221; custom_padding=&#8221;5px|||||&#8221; global_colors_info=&#8221;{}&#8221;][\/et_pb_image][et_pb_heading title=&#8221;MICHA DANCKAERT&#8221; _builder_version=&#8221;4.27.4&#8243; _module_preset=&#8221;default&#8221; global_colors_info=&#8221;{}&#8221;][\/et_pb_heading][et_pb_text _builder_version=&#8221;4.16&#8243; _module_preset=&#8221;7e815e5b-c042-4930-9f47-86f0425bfee6&#8243; header_font=&#8221;||||||||&#8221; header_4_font=&#8221;Syncopate|700||on|||||&#8221; header_4_text_color=&#8221;#000000&#8243; header_4_font_size=&#8221;14px&#8221; header_4_line_height=&#8221;1.8em&#8221; max_width=&#8221;550px&#8221; custom_margin=&#8221;||-53px|||&#8221; header_4_font_size_tablet=&#8221;14px&#8221; header_4_font_size_phone=&#8221;12px&#8221; header_4_font_size_last_edited=&#8221;on|desktop&#8221; locked=&#8221;off&#8221; global_colors_info=&#8221;{}&#8221;]<\/p>\n<h4><span>20 jaar &amp; student Marketing.<\/span><br \/><span>Gedreven, doelgericht en altijd in beweging.<\/span><br \/><span>Sommigen wachten op kansen.<\/span><br \/><span>Micha? Die cre\u00ebert ze!<\/span><\/h4>\n<p>[\/et_pb_text][\/et_pb_column][\/et_pb_row][et_pb_row column_structure=&#8221;1_2,1_2&#8243; _builder_version=&#8221;4.16&#8243; _module_preset=&#8221;default&#8221; global_colors_info=&#8221;{}&#8221;][et_pb_column type=&#8221;1_2&#8243; _builder_version=&#8221;4.16&#8243; _module_preset=&#8221;default&#8221; global_colors_info=&#8221;{}&#8221;][et_pb_image src=&#8221;https:\/\/lostinbrandformance.be\/wp-content\/uploads\/2026\/03\/tennis-club-icon-1.png&#8221; title_text=&#8221;tennis-club-icon-1&#8243; _builder_version=&#8221;4.16&#8243; _module_preset=&#8221;default&#8221; max_width=&#8221;64px&#8221; max_width_tablet=&#8221;48px&#8221; max_width_phone=&#8221;40px&#8221; max_width_last_edited=&#8221;on|phone&#8221; global_colors_info=&#8221;{}&#8221;][\/et_pb_image][et_pb_image src=&#8221;https:\/\/lostinbrandformance.be\/wp-content\/uploads\/2026\/03\/8.png&#8221; title_text=&#8221;8&#8243; url=&#8221;https:\/\/www.linkedin.com\/in\/sofiebastiaens\/&#8221; _builder_version=&#8221;4.27.4&#8243; _module_preset=&#8221;default&#8221; custom_margin=&#8221;-156px|||||&#8221; global_colors_info=&#8221;{}&#8221;][\/et_pb_image][et_pb_heading title=&#8221;SOFIE BASTIAENS&#8221; _builder_version=&#8221;4.27.4&#8243; _module_preset=&#8221;default&#8221; custom_margin=&#8221;-195px|||||&#8221; global_colors_info=&#8221;{}&#8221;][\/et_pb_heading][et_pb_text _builder_version=&#8221;4.27.4&#8243; _module_preset=&#8221;7e815e5b-c042-4930-9f47-86f0425bfee6&#8243; header_font=&#8221;||||||||&#8221; header_4_font=&#8221;Syncopate|700||on|||||&#8221; header_4_text_color=&#8221;#000000&#8243; header_4_font_size=&#8221;14px&#8221; header_4_line_height=&#8221;1.8em&#8221; max_width=&#8221;550px&#8221; header_4_font_size_tablet=&#8221;14px&#8221; header_4_font_size_phone=&#8221;12px&#8221; header_4_font_size_last_edited=&#8221;on|desktop&#8221; locked=&#8221;off&#8221; global_colors_info=&#8221;{}&#8221;]<\/p>\n<h4><span>21 jaar &amp; student Creative Media Management.<\/span><br \/><span>Gedreven, stijlbewust en doelgericht.<\/span><br \/><span>Vallen is niet erg.<\/span><br \/><span>Sofie? Die staat altijd sterker op.<\/span><\/h4>\n<p>[\/et_pb_text][\/et_pb_column][et_pb_column type=&#8221;1_2&#8243; _builder_version=&#8221;4.16&#8243; _module_preset=&#8221;default&#8221; global_colors_info=&#8221;{}&#8221;][et_pb_image src=&#8221;https:\/\/lostinbrandformance.be\/wp-content\/uploads\/2026\/03\/tennis-club-icon-1.png&#8221; title_text=&#8221;tennis-club-icon-1&#8243; _builder_version=&#8221;4.16&#8243; _module_preset=&#8221;default&#8221; max_width=&#8221;64px&#8221; max_width_tablet=&#8221;48px&#8221; max_width_phone=&#8221;40px&#8221; max_width_last_edited=&#8221;on|phone&#8221; global_colors_info=&#8221;{}&#8221;][\/et_pb_image][et_pb_image src=&#8221;https:\/\/lostinbrandformance.be\/wp-content\/uploads\/2026\/03\/10.png&#8221; title_text=&#8221;10&#8243; url=&#8221;https:\/\/www.linkedin.com\/in\/robbe-jordens-082255349\/&#8221; _builder_version=&#8221;4.27.4&#8243; _module_preset=&#8221;default&#8221; custom_margin=&#8221;-278px||-33px|||&#8221; global_colors_info=&#8221;{}&#8221;][\/et_pb_image][et_pb_heading title=&#8221;ROBBE JORDENS&#8221; _builder_version=&#8221;4.27.4&#8243; _module_preset=&#8221;default&#8221; custom_margin=&#8221;-15px|||||&#8221; global_colors_info=&#8221;{}&#8221;][\/et_pb_heading][et_pb_text _builder_version=&#8221;4.27.4&#8243; _module_preset=&#8221;7e815e5b-c042-4930-9f47-86f0425bfee6&#8243; header_font=&#8221;||||||||&#8221; header_4_font=&#8221;Syncopate|700||on|||||&#8221; header_4_text_color=&#8221;#000000&#8243; header_4_font_size=&#8221;14px&#8221; header_4_line_height=&#8221;1.8em&#8221; max_width=&#8221;550px&#8221; header_4_font_size_tablet=&#8221;14px&#8221; header_4_font_size_phone=&#8221;12px&#8221; header_4_font_size_last_edited=&#8221;on|desktop&#8221; locked=&#8221;off&#8221; global_colors_info=&#8221;{}&#8221;]<\/p>\n<h4><span>21 jaar &amp; student Marketing.<\/span><br \/><span>Doelgericht, gedreven en klaar om impact te maken.<\/span><br \/><span>Kansen liggen niet voor het oprapen: je moet ze zien, claimen en verzilveren.<\/span><br \/><span>En laat dat nu net zijn mentaliteit zijn.<\/span><\/h4>\n<p>[\/et_pb_text][\/et_pb_column][\/et_pb_row][et_pb_row column_structure=&#8221;1_2,1_2&#8243; _builder_version=&#8221;4.16&#8243; _module_preset=&#8221;default&#8221; custom_margin=&#8221;|auto|85px|auto||&#8221; global_colors_info=&#8221;{}&#8221;][et_pb_column type=&#8221;1_2&#8243; _builder_version=&#8221;4.16&#8243; _module_preset=&#8221;default&#8221; global_colors_info=&#8221;{}&#8221;][et_pb_image src=&#8221;https:\/\/lostinbrandformance.be\/wp-content\/uploads\/2026\/03\/tennis-club-icon-1.png&#8221; title_text=&#8221;tennis-club-icon-1&#8243; _builder_version=&#8221;4.16&#8243; _module_preset=&#8221;default&#8221; max_width=&#8221;64px&#8221; max_width_tablet=&#8221;48px&#8221; max_width_phone=&#8221;40px&#8221; max_width_last_edited=&#8221;on|phone&#8221; global_colors_info=&#8221;{}&#8221;][\/et_pb_image][et_pb_image src=&#8221;https:\/\/lostinbrandformance.be\/wp-content\/uploads\/2026\/03\/12.png&#8221; title_text=&#8221;12&#8243; url=&#8221;https:\/\/www.linkedin.com\/in\/ellenknuts\/&#8221; _builder_version=&#8221;4.27.4&#8243; _module_preset=&#8221;default&#8221; custom_margin=&#8221;-251px||-43px|||&#8221; global_colors_info=&#8221;{}&#8221;][\/et_pb_image][et_pb_heading title=&#8221;ELLEN KNUTS&#8221; _builder_version=&#8221;4.27.4&#8243; _module_preset=&#8221;default&#8221; custom_margin=&#8221;-57px|||||&#8221; global_colors_info=&#8221;{}&#8221;][\/et_pb_heading][et_pb_text _builder_version=&#8221;4.27.4&#8243; _module_preset=&#8221;7e815e5b-c042-4930-9f47-86f0425bfee6&#8243; header_font=&#8221;||||||||&#8221; header_4_font=&#8221;Syncopate|700||on|||||&#8221; header_4_text_color=&#8221;#000000&#8243; header_4_font_size=&#8221;14px&#8221; header_4_line_height=&#8221;1.8em&#8221; max_width=&#8221;550px&#8221; header_4_font_size_tablet=&#8221;14px&#8221; header_4_font_size_phone=&#8221;12px&#8221; header_4_font_size_last_edited=&#8221;on|desktop&#8221; locked=&#8221;off&#8221; global_colors_info=&#8221;{}&#8221;]<\/p>\n<h4><span>20 jaar &amp; student Creative Media Management.<\/span><br \/><span>Strategisch, ambitieus en klaar om merken te versterken.<\/span><br \/><span>\u201cMaking it make sense.\u201d<\/span><\/h4>\n<p>[\/et_pb_text][\/et_pb_column][et_pb_column type=&#8221;1_2&#8243; _builder_version=&#8221;4.16&#8243; _module_preset=&#8221;default&#8221; global_colors_info=&#8221;{}&#8221;][et_pb_image src=&#8221;https:\/\/lostinbrandformance.be\/wp-content\/uploads\/2026\/03\/tennis-club-icon-1.png&#8221; title_text=&#8221;tennis-club-icon-1&#8243; _builder_version=&#8221;4.16&#8243; _module_preset=&#8221;default&#8221; max_width=&#8221;64px&#8221; max_width_tablet=&#8221;48px&#8221; max_width_phone=&#8221;40px&#8221; max_width_last_edited=&#8221;on|phone&#8221; global_colors_info=&#8221;{}&#8221;][\/et_pb_image][et_pb_image src=&#8221;https:\/\/lostinbrandformance.be\/wp-content\/uploads\/2026\/03\/14.png&#8221; title_text=&#8221;14&#8243; url=&#8221;https:\/\/www.linkedin.com\/in\/mathias-nijs-364708346\/&#8221; _builder_version=&#8221;4.27.4&#8243; _module_preset=&#8221;default&#8221; custom_margin=&#8221;-203px||-104px|||&#8221; global_colors_info=&#8221;{}&#8221;][\/et_pb_image][et_pb_heading title=&#8221;MATHIAS NIJS&#8221; _builder_version=&#8221;4.27.4&#8243; _module_preset=&#8221;default&#8221; global_colors_info=&#8221;{}&#8221;][\/et_pb_heading][et_pb_text _builder_version=&#8221;4.16&#8243; _module_preset=&#8221;7e815e5b-c042-4930-9f47-86f0425bfee6&#8243; header_font=&#8221;||||||||&#8221; header_4_font=&#8221;Syncopate|700||on|||||&#8221; header_4_text_color=&#8221;#000000&#8243; header_4_font_size=&#8221;14px&#8221; header_4_line_height=&#8221;1.8em&#8221; max_width=&#8221;550px&#8221; header_4_font_size_tablet=&#8221;14px&#8221; header_4_font_size_phone=&#8221;12px&#8221; header_4_font_size_last_edited=&#8221;on|desktop&#8221; locked=&#8221;off&#8221; global_colors_info=&#8221;{}&#8221;]<\/p>\n<h4><span>20 jaar &amp; student Marketing.<\/span><br \/><span>Gedreven, energiek en altijd in beweging.<\/span><br \/><span>Klaar om strategie en creativiteit samen te brengen.<\/span><\/h4>\n<h4><span>\u201cSpend on joy, invest in memories.\u201d<\/span><\/h4>\n<p>[\/et_pb_text][\/et_pb_column][\/et_pb_row][et_pb_row column_structure=&#8221;1_2,1_2&#8243; _builder_version=&#8221;4.27.4&#8243; _module_preset=&#8221;default&#8221; global_colors_info=&#8221;{}&#8221;][et_pb_column type=&#8221;1_2&#8243; _builder_version=&#8221;4.27.4&#8243; _module_preset=&#8221;default&#8221; box_shadow_style=&#8221;preset1&#8243; box_shadow_vertical=&#8221;-16px&#8221; box_shadow_blur=&#8221;34px&#8221; box_shadow_spread=&#8221;-2px&#8221; global_colors_info=&#8221;{}&#8221;][et_pb_image src=&#8221;https:\/\/lostinbrandformance.be\/wp-content\/uploads\/2026\/03\/c330027e-0f7f-48b7-ab11-fdd2efa6d1c2.jpg&#8221; title_text=&#8221;c330027e-0f7f-48b7-ab11-fdd2efa6d1c2&#8243; _builder_version=&#8221;4.27.4&#8243; _module_preset=&#8221;default&#8221; global_colors_info=&#8221;{}&#8221;][\/et_pb_image][\/et_pb_column][et_pb_column type=&#8221;1_2&#8243; _builder_version=&#8221;4.27.4&#8243; _module_preset=&#8221;default&#8221; global_colors_info=&#8221;{}&#8221;][et_pb_heading title=&#8221;ONZE MISSIE&#8221; _builder_version=&#8221;4.27.4&#8243; _module_preset=&#8221;default&#8221; title_font=&#8221;Montserrat|700|||||||&#8221; title_text_color=&#8221;#782335&#8243; global_colors_info=&#8221;{}&#8221;][\/et_pb_heading][et_pb_text _builder_version=&#8221;4.27.4&#8243; _module_preset=&#8221;default&#8221; inline_fonts=&#8221;Montserrat&#8221; global_colors_info=&#8221;{}&#8221;]<\/p>\n<p><span style=\"font-family: Montserrat;\">Lost in Brandformance wil studenten, marketeers en ondernemers samenbrengen rond \u00e9\u00e9n doel: tonen hoe branding en performance elkaar versterken. We cre\u00ebren een plek waar inspiratie, praktijk en interactie samenkomen, zodat je niet alleen nieuwe inzichten opdoet, maar ze ook meteen kunt toepassen.<\/span><\/p>\n<p><span style=\"font-family: Montserrat;\">We bouwen een community die durft experimenteren, slimmer denkt en sterker groeit met merken die raken \u00e9n renderen.<\/span><\/p>\n<p>[\/et_pb_text][\/et_pb_column][\/et_pb_row][\/et_pb_section][et_pb_section fb_built=&#8221;1&#8243; _builder_version=&#8221;4.27.4&#8243; _module_preset=&#8221;default&#8221; background_color=&#8221;#eee3d7&#8243; background_image=&#8221;https:\/\/lostinbrandformance.be\/wp-content\/uploads\/2026\/03\/Ontwerp-zonder-kktitel.jpg&#8221; custom_padding=&#8221;4px||12px|||&#8221; locked=&#8221;off&#8221; global_colors_info=&#8221;{}&#8221;][et_pb_row column_structure=&#8221;1_4,1_4,1_4,1_4&#8243; _builder_version=&#8221;4.27.4&#8243; _module_preset=&#8221;default&#8221; custom_margin=&#8221;13px|255px|-36px|320px||&#8221; custom_padding=&#8221;||46px|||&#8221; global_colors_info=&#8221;{}&#8221;][et_pb_column type=&#8221;1_4&#8243; _builder_version=&#8221;4.27.4&#8243; _module_preset=&#8221;default&#8221; global_colors_info=&#8221;{}&#8221;][et_pb_image src=&#8221;https:\/\/lostinbrandformance.be\/wp-content\/uploads\/2026\/03\/SCHADUW.png&#8221; title_text=&#8221;SCHADUW&#8221; _builder_version=&#8221;4.27.4&#8243; _module_preset=&#8221;default&#8221; custom_margin=&#8221;-51px||-8px|||&#8221; global_colors_info=&#8221;{}&#8221;][\/et_pb_image][et_pb_image src=&#8221;https:\/\/lostinbrandformance.be\/wp-content\/uploads\/2026\/03\/idh75ccryJ_1774989466637.png&#8221; _builder_version=&#8221;4.27.4&#8243; _module_preset=&#8221;default&#8221; title_text=&#8221;idh75ccryJ_1774989466637&#8243; hover_enabled=&#8221;0&#8243; sticky_enabled=&#8221;0&#8243; custom_margin=&#8221;||23px|||&#8221;][\/et_pb_image][et_pb_image src=&#8221;https:\/\/lostinbrandformance.be\/wp-content\/uploads\/2026\/03\/logo-ucll.png&#8221; _builder_version=&#8221;4.27.4&#8243; _module_preset=&#8221;default&#8221; title_text=&#8221;logo-ucll&#8221; hover_enabled=&#8221;0&#8243; sticky_enabled=&#8221;0&#8243; custom_margin=&#8221;-170px||14px|49px||&#8221;][\/et_pb_image][\/et_pb_column][et_pb_column type=&#8221;1_4&#8243; _builder_version=&#8221;4.27.4&#8243; _module_preset=&#8221;default&#8221; global_colors_info=&#8221;{}&#8221;][et_pb_text _builder_version=&#8221;4.27.4&#8243; _module_preset=&#8221;default&#8221; text_font=&#8221;Montserrat|700|||||||&#8221; text_text_color=&#8221;#000000&#8243; text_font_size=&#8221;12px&#8221; custom_margin=&#8221;12px|-20px||||&#8221; global_colors_info=&#8221;{}&#8221;]<\/p>\n<p><span style=\"color: #eee3d7;\">L<span style=\"color: #ffffff;\">OST IN BRANDFORMANCE.\u00a0 \u00a0 \u00a0 \u00a0 \u00a0 \u00a0 \u00a0 Branding &amp; performance evenement voor studenten<\/span><\/span><\/p>\n<p><span style=\"color: #ffffff;\">Regio Limburg (exacte locatie volgt)\u00a0 \u00a07 mei 2026<\/span><\/p>\n<p><span style=\"color: #ffffff;\"><a href=\"mailto:Info@Lostinbrandformance.be\" style=\"color: #ffffff;\">Info@Lostinbrandformance.be<\/a>\u00a0 \u00a0 \u00a0 \u00a0 \u00a0 +32 484 49 48 15<\/span><\/p>\n<p><span style=\"color: #ffffff;\">Volg ons op instagram, TikTok<\/span><\/p>\n<p>&nbsp;<\/p>\n<p>[\/et_pb_text][\/et_pb_column][et_pb_column type=&#8221;1_4&#8243; _builder_version=&#8221;4.27.4&#8243; _module_preset=&#8221;default&#8221; global_colors_info=&#8221;{}&#8221;][et_pb_menu active_link_color=&#8221;#FFFFFF&#8221; _builder_version=&#8221;4.27.4&#8243; _module_preset=&#8221;default&#8221; menu_font=&#8221;Montserrat|700|||||||&#8221; menu_text_color=&#8221;#FFFFFF&#8221; background_enable_color=&#8221;off&#8221; custom_padding=&#8221;21px|||||&#8221; global_colors_info=&#8221;{}&#8221;][\/et_pb_menu][\/et_pb_column][et_pb_column type=&#8221;1_4&#8243; _builder_version=&#8221;4.27.4&#8243; _module_preset=&#8221;default&#8221; background_color=&#8221;RGBA(255,255,255,0)&#8221; global_colors_info=&#8221;{}&#8221;][et_pb_cta title=&#8221;KLAAR OM ERBIJ TE ZIJN?&#8221; button_text=&#8221;KLIK&#8221; _builder_version=&#8221;4.27.4&#8243; _module_preset=&#8221;default&#8221; header_font=&#8221;Montserrat|800|||||||&#8221; header_text_color=&#8221;#FFFFFF&#8221; body_text_color=&#8221;#FFFFFF&#8221; background_enable_color=&#8221;off&#8221; use_background_color=&#8221;off&#8221; custom_margin=&#8221;||-32px|-13px||&#8221; custom_padding=&#8221;77px|12px|1px|||&#8221; global_colors_info=&#8221;{}&#8221; width=&#8221;100%&#8221;]<\/p>\n<p>&nbsp;<\/p>\n<p>&nbsp;<\/p>\n<p>[\/et_pb_cta][et_pb_button button_text=&#8221;RESERVEER JE PLEK!&#8221; button_alignment=&#8221;left&#8221; _builder_version=&#8221;4.27.4&#8243; _module_preset=&#8221;default&#8221; custom_button=&#8221;on&#8221; button_text_color=&#8221;#000000&#8243; button_bg_color=&#8221;#FFFFFF&#8221; button_border_width=&#8221;0px&#8221; button_border_radius=&#8221;54px&#8221; button_font=&#8221;Montserrat|700|||||||&#8221; custom_margin=&#8221;|-48px||-32px||&#8221; global_colors_info=&#8221;{}&#8221;][\/et_pb_button][\/et_pb_column][\/et_pb_row][\/et_pb_section]<\/p>\n","protected":false},"excerpt":{"rendered":"<p>21 jaar &amp; student Creative Media Management.Creatief, ambitieus en klaar om idee\u00ebn tot leven te brengen.\u201cThe only limit is your imagination.\u201d\u00a020 jaar &amp; student Marketing.Gedreven, doelgericht en altijd in beweging.Sommigen wachten op kansen.Micha? Die cre\u00ebert ze!21 jaar &amp; student Creative Media Management.Gedreven, stijlbewust en doelgericht.Vallen is niet erg.Sofie? Die staat altijd sterker op.21 jaar &amp; [&hellip;]<\/p>\n","protected":false},"author":1,"featured_media":0,"parent":0,"menu_order":0,"comment_status":"closed","ping_status":"closed","template":"","meta":{"_et_pb_use_builder":"on","_et_pb_old_content":"","_et_gb_content_width":"","footnotes":""},"class_list":["post-259","page","type-page","status-publish","hentry"],"_links":{"self":[{"href":"https:\/\/lostinbrandformance.be\/index.php\/wp-json\/wp\/v2\/pages\/259","targetHints":{"allow":["GET"]}}],"collection":[{"href":"https:\/\/lostinbrandformance.be\/index.php\/wp-json\/wp\/v2\/pages"}],"about":[{"href":"https:\/\/lostinbrandformance.be\/index.php\/wp-json\/wp\/v2\/types\/page"}],"author":[{"embeddable":true,"href":"https:\/\/lostinbrandformance.be\/index.php\/wp-json\/wp\/v2\/users\/1"}],"replies":[{"embeddable":true,"href":"https:\/\/lostinbrandformance.be\/index.php\/wp-json\/wp\/v2\/comments?post=259"}],"version-history":[{"count":26,"href":"https:\/\/lostinbrandformance.be\/index.php\/wp-json\/wp\/v2\/pages\/259\/revisions"}],"predecessor-version":[{"id":408,"href":"https:\/\/lostinbrandformance.be\/index.php\/wp-json\/wp\/v2\/pages\/259\/revisions\/408"}],"wp:attachment":[{"href":"https:\/\/lostinbrandformance.be\/index.php\/wp-json\/wp\/v2\/media?parent=259"}],"curies":[{"name":"wp","href":"https:\/\/api.w.org\/{rel}","templated":true}]}}